{"id":1056,"date":"2026-02-27T16:04:53","date_gmt":"2026-02-27T16:04:53","guid":{"rendered":"https:\/\/torreauroracinqueterre.it\/cookie-richtlinie\/"},"modified":"2026-03-10T09:56:49","modified_gmt":"2026-03-10T09:56:49","slug":"cookie-richtlinie","status":"publish","type":"page","link":"https:\/\/torreauroracinqueterre.it\/de\/cookie-richtlinie\/","title":{"rendered":"COOKIE-RICHTLINIE"},"content":{"rendered":"\t\t<div data-elementor-type=\"wp-page\" data-elementor-id=\"1056\" class=\"elementor elementor-1056 elementor-921\" data-elementor-post-type=\"page\">\n\t\t\t\t<div class=\"elementor-element elementor-element-8a84fff e-flex e-con-boxed e-con e-parent\" data-id=\"8a84fff\" data-element_type=\"container\" data-e-type=\"container\" data-settings=\"{&quot;background_background&quot;:&quot;classic&quot;}\">\n\t\t\t\t\t<div class=\"e-con-inner\">\n\t\t\t\t<div class=\"elementor-element elementor-element-773337a elementor-widget elementor-widget-heading\" data-id=\"773337a\" data-element_type=\"widget\" data-e-type=\"widget\" data-widget_type=\"heading.default\">\n\t\t\t\t\t<h2 class=\"elementor-heading-title elementor-size-default\">COOKIE-RICHTLINIE<\/h2>\t\t\t\t<\/div>\n\t\t\t\t\t<\/div>\n\t\t\t\t<\/div>\n\t\t<div class=\"elementor-element elementor-element-745d1e7 e-flex e-con-boxed e-con e-parent\" data-id=\"745d1e7\" data-element_type=\"container\" data-e-type=\"container\">\n\t\t\t\t\t<div class=\"e-con-inner\">\n\t\t\t\t<div class=\"elementor-element elementor-element-c9c679e elementor-widget elementor-widget-text-editor\" data-id=\"c9c679e\" data-element_type=\"widget\" data-e-type=\"widget\" data-widget_type=\"text-editor.default\">\n\t\t\t\t\t\t\t\t\t<p data-start=\"6057\" data-end=\"6093\"><strong data-start=\"6057\" data-end=\"6093\">Letzte Aktualisierung: 27.02.2026<\/strong><\/p><h2 data-start=\"6095\" data-end=\"6119\">1. Was sind Cookies<\/h2><p data-start=\"6120\" data-end=\"6336\">Cookies sind kleine Textdateien, die Websites auf dem Ger\u00e4t des Nutzers speichern, um die Website funktionsf\u00e4hig zu machen und\/oder Informationen zu sammeln. Es gibt auch \u00e4hnliche Technologien (Pixel\/Tags), die analoge Funktionen erf\u00fcllen. <\/p><h2 data-start=\"6338\" data-end=\"6372\">2. Welche Cookies verwendet diese Website<\/h2><p data-start=\"6373\" data-end=\"6412\">Die Website verwendet folgende Kategorien:<\/p><h3 data-start=\"6414\" data-end=\"6447\">A) Technische Cookies (erforderlich)<\/h3><p data-start=\"6448\" data-end=\"6555\">Sie sind f\u00fcr das ordnungsgem\u00e4\u00dfe Funktionieren der Website und f\u00fcr die Sicherheit unerl\u00e4sslich. <strong data-start=\"6527\" data-end=\"6554\">Sie erfordern keine Einwilligung<\/strong>.<\/p><h3 data-start=\"6557\" data-end=\"6606\">B) Statistische Cookies (Google Analytics \u2013 GA4)<\/h3><p data-start=\"6607\" data-end=\"6784\">Sie dienen der Messung von Traffic und Nutzung der Website (z. B. besuchte Seiten, Ereignisse, Verweildauer) und erstellen n\u00fctzliche Statistiken zur Verbesserung der Website.<br data-start=\"6757\" data-end=\"6760\"><strong data-start=\"6760\" data-end=\"6784\">Sie erfordern Einwilligung.<\/strong><\/p><p data-start=\"6786\" data-end=\"6836\">Typische Cookies im Zusammenhang mit GA4 (k\u00f6nnen variieren):<\/p><ul data-start=\"6837\" data-end=\"6861\"><li data-start=\"6837\" data-end=\"6846\"><p data-start=\"6839\" data-end=\"6846\"><code data-start=\"6839\" data-end=\"6844\">_ga<\/code><\/p><\/li><li data-start=\"6847\" data-end=\"6861\"><p data-start=\"6849\" data-end=\"6861\"><code data-start=\"6849\" data-end=\"6859\">_ga_&lt;id&gt;<\/code><\/p><\/li><\/ul><h3 data-start=\"6863\" data-end=\"6915\">C) Marketing-\/Profilierungs-Cookies (Meta Pixel)<\/h3><p data-start=\"6916\" data-end=\"7083\">Sie dienen der Messung der Wirksamkeit von Werbekampagnen, der Verfolgung von Conversions, der Erstellung von Zielgruppen (z. B. Remarketing) und der Optimierung von Anzeigen.<br data-start=\"7056\" data-end=\"7059\"><strong data-start=\"7059\" data-end=\"7083\">Sie erfordern Einwilligung.<\/strong><\/p><p data-start=\"7085\" data-end=\"7142\">Typische Cookies im Zusammenhang mit Meta Pixel (k\u00f6nnen variieren):<\/p><ul data-start=\"7143\" data-end=\"7205\"><li data-start=\"7143\" data-end=\"7205\"><p data-start=\"7145\" data-end=\"7205\"><code data-start=\"7145\" data-end=\"7151\">_fbp<\/code>  (und andere Kennungen im Zusammenhang mit Ereignissen\/Parametern)<\/p><\/li><\/ul><h3 data-start=\"7207\" data-end=\"7252\">D) Inhalte von Drittanbietern (Google Maps)<\/h3><p data-start=\"7253\" data-end=\"7609\">Die Seite kann eine <strong data-start=\"7283\" data-end=\"7304\">Google Maps-Karte<\/strong> einbetten. Das Laden des Inhalts kann die \u00dcbertragung von Daten (z. B. IP und Navigationsdaten) und die Installation von Cookies\/Kennungen von Drittanbietern zur Folge haben. <br data-start=\"7463\" data-end=\"7466\"><strong data-start=\"7466\" data-end=\"7516\">Der Inhalt wird erst nach Einwilligung geladen<\/strong> (oder basierend auf den im Cookie-Banner getroffenen Entscheidungen, abh\u00e4ngig von der Konfiguration der Website).<\/p><h2 data-start=\"7611\" data-end=\"7654\">3. Verwaltung der Einwilligung (Cookie-Banner)<\/h2><p data-start=\"7655\" data-end=\"7706\">Beim ersten Zugriff erscheint ein Banner, das Folgendes erm\u00f6glicht:<\/p><ul data-start=\"7707\" data-end=\"7856\"><li data-start=\"7707\" data-end=\"7753\"><p data-start=\"7709\" data-end=\"7753\"><strong data-start=\"7709\" data-end=\"7722\">Akzeptieren<\/strong> aller nicht erforderlichen Cookies;<\/p><\/li><li data-start=\"7754\" data-end=\"7794\"><p data-start=\"7756\" data-end=\"7794\"><strong data-start=\"7756\" data-end=\"7769\">Ablehnen<\/strong> der nicht erforderlichen Cookies;<\/p><\/li><li data-start=\"7795\" data-end=\"7856\"><p data-start=\"7797\" data-end=\"7856\"><strong data-start=\"7797\" data-end=\"7815\">Anpassen<\/strong> nach Kategorie (Statistiken \/ Marketing).<\/p><\/li><\/ul><p data-start=\"7858\" data-end=\"7967\">Sie k\u00f6nnen Ihre Einwilligung jederzeit \u00fcber den Link in der Fu\u00dfzeile \u00e4ndern oder widerrufen:<br><strong data-start=\"7941\" data-end=\"7966\">\u201eCookie-Einstellungen\u201c<\/strong>.<\/p><h2 data-start=\"7969\" data-end=\"7992\">4. Dauer der Cookies<\/h2><p data-start=\"7993\" data-end=\"8077\">Die Dauer kann je nach Anbieter und technischen Einstellungen variieren. Im Allgemeinen: <\/p><ul data-start=\"8078\" data-end=\"8274\"><li data-start=\"8078\" data-end=\"8147\"><p data-start=\"8080\" data-end=\"8147\">technische Cookies: f\u00fcr die zur Funktion unbedingt erforderliche Zeit;<\/p><\/li><li data-start=\"8148\" data-end=\"8274\"><p data-start=\"8150\" data-end=\"8274\">statistische und Marketing-Cookies: gem\u00e4\u00df der jeweiligen Cookie-Dauer und\/oder bis zur L\u00f6schung aus dem Browser oder zum Widerruf der Einwilligung.<\/p><\/li><\/ul><h2 data-start=\"8276\" data-end=\"8320\">5. Wie Sie Cookies im Browser deaktivieren<\/h2><p data-start=\"8321\" data-end=\"8474\">Sie k\u00f6nnen Cookies \u00fcber die Browsereinstellungen l\u00f6schen oder blockieren. Die Deaktivierung technischer Cookies kann einige Funktionen der Website beeintr\u00e4chtigen. <\/p><h2 data-start=\"8476\" data-end=\"8501\">6. Verantwortlicher und Kontakte<\/h2><p data-start=\"8502\" data-end=\"8687\">Verantwortlicher: <strong data-start=\"8512\" data-end=\"8525\">BUCCI SRL<\/strong> \u2013 MwSt.-Nr.\/Steuernr. <strong data-start=\"8539\" data-end=\"8554\">01451660110<\/strong> \u2013 PEC <strong data-start=\"8561\" data-end=\"8591\"><a class=\"decorated-link cursor-pointer\" rel=\"noopener\" data-start=\"8563\" data-end=\"8589\">buccisas.monterosso@pec.it<\/a><\/strong> <\/p><p class=\"not-prose mt-0! mb-0! flex-auto truncate\">BUCCI SRL<br><br>Operativer Kontakt: <strong data-start=\"8652\" data-end=\"8687\"><a class=\"decorated-link cursor-pointer\" rel=\"noopener\" data-start=\"8654\" data-end=\"8685\">info@torreauroracinqueterre.com<\/a><\/strong><\/p>\t\t\t\t\t\t\t\t<\/div>\n\t\t\t\t\t<\/div>\n\t\t\t\t<\/div>\n\t\t\t\t<\/div>\n\t\t","protected":false},"excerpt":{"rendered":"<p>COOKIE-RICHTLINIE Letzte Aktualisierung: 27.02.2026 1. Was sind Cookies Cookies sind kleine Textdateien, die Websites auf dem Ger\u00e4t des Nutzers speichern, um die Website funktionsf\u00e4hig zu machen und\/oder Informationen zu sammeln. Es gibt auch \u00e4hnliche Technologien (Pixel\/Tags), die analoge Funktionen erf\u00fcllen. 2. Welche Cookies verwendet diese Website Die Website verwendet folgende Kategorien: A) Technische Cookies (erforderlich) [&hellip;]<\/p>\n","protected":false},"author":2,"featured_media":0,"parent":0,"menu_order":0,"comment_status":"closed","ping_status":"closed","template":"","meta":{"footnotes":""},"class_list":["post-1056","page","type-page","status-publish","hentry"],"aioseo_notices":[],"aioseo_head":"\n\t\t<!-- All in One SEO Pro 4.9.6.1 - aioseo.com -->\n\t<meta name=\"description\" content=\"COOKIE-RICHTLINIE Letzte Aktualisierung: 27.02.2026 1. Was sind Cookies Cookies sind kleine Textdateien, die Websites auf dem Ger\u00e4t des Nutzers speichern, um die Website funktionsf\u00e4hig zu machen und\/oder Informationen zu sammeln. Es gibt auch \u00e4hnliche Technologien (Pixel\/Tags), die analoge Funktionen erf\u00fcllen.\" \/>\n\t<meta name=\"robots\" content=\"max-image-preview:large\" \/>\n\t<link rel=\"canonical\" href=\"https:\/\/torreauroracinqueterre.it\/de\/cookie-richtlinie\/\" \/>\n\t<meta name=\"generator\" content=\"All in One SEO Pro (AIOSEO) 4.9.6.1\" \/>\n\t\t<meta property=\"og:locale\" content=\"de_DE\" \/>\n\t\t<meta property=\"og:site_name\" content=\"Torreauroracinqueterre - Torre Aurora - Mare, Cucina &amp; Cocktails\" \/>\n\t\t<meta property=\"og:type\" content=\"article\" \/>\n\t\t<meta property=\"og:title\" content=\"COOKIE-RICHTLINIE - Torre Aurora Cinque Terre\" \/>\n\t\t<meta property=\"og:description\" content=\"COOKIE-RICHTLINIE Letzte Aktualisierung: 27.02.2026 1. Was sind Cookies Cookies sind kleine Textdateien, die Websites auf dem Ger\u00e4t des Nutzers speichern, um die Website funktionsf\u00e4hig zu machen und\/oder Informationen zu sammeln. Es gibt auch \u00e4hnliche Technologien (Pixel\/Tags), die analoge Funktionen erf\u00fcllen.\" \/>\n\t\t<meta property=\"og:url\" content=\"https:\/\/torreauroracinqueterre.it\/de\/cookie-richtlinie\/\" \/>\n\t\t<meta property=\"og:image\" content=\"https:\/\/torreauroracinqueterre.it\/wp-content\/uploads\/2026\/02\/cropped-cropped-LOGO-TORRE-VETTORIALE-ICONA-SITO-3.webp\" \/>\n\t\t<meta property=\"og:image:secure_url\" content=\"https:\/\/torreauroracinqueterre.it\/wp-content\/uploads\/2026\/02\/cropped-cropped-LOGO-TORRE-VETTORIALE-ICONA-SITO-3.webp\" \/>\n\t\t<meta property=\"og:image:width\" content=\"512\" \/>\n\t\t<meta property=\"og:image:height\" content=\"512\" \/>\n\t\t<meta property=\"article:published_time\" content=\"2026-02-27T16:04:53+00:00\" \/>\n\t\t<meta property=\"article:modified_time\" content=\"2026-03-10T09:56:49+00:00\" \/>\n\t\t<meta property=\"article:publisher\" content=\"https:\/\/www.facebook.com\/torreauroracinqueterre\/\" \/>\n\t\t<meta name=\"twitter:card\" content=\"summary_large_image\" \/>\n\t\t<meta name=\"twitter:title\" content=\"COOKIE-RICHTLINIE - Torre Aurora Cinque Terre\" \/>\n\t\t<meta name=\"twitter:description\" content=\"COOKIE-RICHTLINIE Letzte Aktualisierung: 27.02.2026 1. Was sind Cookies Cookies sind kleine Textdateien, die Websites auf dem Ger\u00e4t des Nutzers speichern, um die Website funktionsf\u00e4hig zu machen und\/oder Informationen zu sammeln. Es gibt auch \u00e4hnliche Technologien (Pixel\/Tags), die analoge Funktionen erf\u00fcllen.\" \/>\n\t\t<meta name=\"twitter:image\" content=\"https:\/\/torreauroracinqueterre.it\/wp-content\/uploads\/2026\/02\/cropped-cropped-LOGO-TORRE-VETTORIALE-ICONA-SITO-3.webp\" \/>\n\t\t<script type=\"application\/ld+json\" class=\"aioseo-schema\">\n\t\t\t{\"@context\":\"https:\\\/\\\/schema.org\",\"@graph\":[{\"@type\":\"BreadcrumbList\",\"@id\":\"https:\\\/\\\/torreauroracinqueterre.it\\\/de\\\/cookie-richtlinie\\\/#breadcrumblist\",\"itemListElement\":[{\"@type\":\"ListItem\",\"@id\":\"https:\\\/\\\/torreauroracinqueterre.it\\\/de\\\/#listItem\",\"position\":1,\"name\":\"Home\",\"item\":\"https:\\\/\\\/torreauroracinqueterre.it\\\/de\\\/\",\"nextItem\":{\"@type\":\"ListItem\",\"@id\":\"https:\\\/\\\/torreauroracinqueterre.it\\\/de\\\/cookie-richtlinie\\\/#listItem\",\"name\":\"COOKIE-RICHTLINIE\"}},{\"@type\":\"ListItem\",\"@id\":\"https:\\\/\\\/torreauroracinqueterre.it\\\/de\\\/cookie-richtlinie\\\/#listItem\",\"position\":2,\"name\":\"COOKIE-RICHTLINIE\",\"previousItem\":{\"@type\":\"ListItem\",\"@id\":\"https:\\\/\\\/torreauroracinqueterre.it\\\/de\\\/#listItem\",\"name\":\"Home\"}}]},{\"@type\":\"Organization\",\"@id\":\"https:\\\/\\\/torreauroracinqueterre.it\\\/de\\\/#organization\",\"name\":\"Torre Aurora Cinque Terre\",\"description\":\"Torre Aurora sorge a picco sul mare e divide Fegina dal Borgo Antico: una torre eretta intorno all\\u2019anno 1000, circondata da terrazze panoramiche nel cuore del Parco delle Cinque Terre. Un progetto curato nei dettagli, dall\\u2019atmosfera agli arredi: musica da vinili originali, ceramiche artigianali locali e una proposta che valorizza il territorio.\",\"url\":\"https:\\\/\\\/torreauroracinqueterre.it\\\/de\\\/\",\"telephone\":\"+393661453702\",\"numberOfEmployees\":{\"@type\":\"QuantitativeValue\",\"value\":6},\"logo\":{\"@type\":\"ImageObject\",\"url\":\"https:\\\/\\\/torreauroracinqueterre.it\\\/wp-content\\\/uploads\\\/2026\\\/02\\\/cropped-cropped-LOGO-TORRE-VETTORIALE-ICONA-SITO-3.webp\",\"@id\":\"https:\\\/\\\/torreauroracinqueterre.it\\\/de\\\/cookie-richtlinie\\\/#organizationLogo\",\"width\":512,\"height\":512},\"image\":{\"@id\":\"https:\\\/\\\/torreauroracinqueterre.it\\\/de\\\/cookie-richtlinie\\\/#organizationLogo\"},\"sameAs\":[\"https:\\\/\\\/www.facebook.com\\\/torreauroracinqueterre\\\/\",\"https:\\\/\\\/www.instagram.com\\\/torre_aurora_cinqueterre\\\/\"]},{\"@type\":\"WebPage\",\"@id\":\"https:\\\/\\\/torreauroracinqueterre.it\\\/de\\\/cookie-richtlinie\\\/#webpage\",\"url\":\"https:\\\/\\\/torreauroracinqueterre.it\\\/de\\\/cookie-richtlinie\\\/\",\"name\":\"COOKIE-RICHTLINIE - Torre Aurora Cinque Terre\",\"description\":\"COOKIE-RICHTLINIE Letzte Aktualisierung: 27.02.2026 1. Was sind Cookies Cookies sind kleine Textdateien, die Websites auf dem Ger\\u00e4t des Nutzers speichern, um die Website funktionsf\\u00e4hig zu machen und\\\/oder Informationen zu sammeln. Es gibt auch \\u00e4hnliche Technologien (Pixel\\\/Tags), die analoge Funktionen erf\\u00fcllen.\",\"inLanguage\":\"de-DE\",\"isPartOf\":{\"@id\":\"https:\\\/\\\/torreauroracinqueterre.it\\\/de\\\/#website\"},\"breadcrumb\":{\"@id\":\"https:\\\/\\\/torreauroracinqueterre.it\\\/de\\\/cookie-richtlinie\\\/#breadcrumblist\"},\"datePublished\":\"2026-02-27T16:04:53+00:00\",\"dateModified\":\"2026-03-10T09:56:49+00:00\"},{\"@type\":\"WebSite\",\"@id\":\"https:\\\/\\\/torreauroracinqueterre.it\\\/de\\\/#website\",\"url\":\"https:\\\/\\\/torreauroracinqueterre.it\\\/de\\\/\",\"name\":\"Torre Aurora Cinque Terre\",\"alternateName\":\"Torre Aurora Cinque Terre\",\"description\":\"Torre Aurora - Mare, Cucina & Cocktails\",\"inLanguage\":\"de-DE\",\"publisher\":{\"@id\":\"https:\\\/\\\/torreauroracinqueterre.it\\\/de\\\/#organization\"}}]}\n\t\t<\/script>\n\t\t<!-- All in One SEO Pro -->\r\n\t\t<title>COOKIE-RICHTLINIE - Torre Aurora Cinque Terre<\/title>\n\n","aioseo_head_json":{"title":"COOKIE-RICHTLINIE - Torre Aurora Cinque Terre","description":"COOKIE-RICHTLINIE Letzte Aktualisierung: 27.02.2026 1. Was sind Cookies Cookies sind kleine Textdateien, die Websites auf dem Ger\u00e4t des Nutzers speichern, um die Website funktionsf\u00e4hig zu machen und\/oder Informationen zu sammeln. Es gibt auch \u00e4hnliche Technologien (Pixel\/Tags), die analoge Funktionen erf\u00fcllen.","canonical_url":"https:\/\/torreauroracinqueterre.it\/de\/cookie-richtlinie\/","robots":"max-image-preview:large","keywords":"","webmasterTools":{"miscellaneous":""},"schema":{"@context":"https:\/\/schema.org","@graph":[{"@type":"BreadcrumbList","@id":"https:\/\/torreauroracinqueterre.it\/de\/cookie-richtlinie\/#breadcrumblist","itemListElement":[{"@type":"ListItem","@id":"https:\/\/torreauroracinqueterre.it\/de\/#listItem","position":1,"name":"Home","item":"https:\/\/torreauroracinqueterre.it\/de\/","nextItem":{"@type":"ListItem","@id":"https:\/\/torreauroracinqueterre.it\/de\/cookie-richtlinie\/#listItem","name":"COOKIE-RICHTLINIE"}},{"@type":"ListItem","@id":"https:\/\/torreauroracinqueterre.it\/de\/cookie-richtlinie\/#listItem","position":2,"name":"COOKIE-RICHTLINIE","previousItem":{"@type":"ListItem","@id":"https:\/\/torreauroracinqueterre.it\/de\/#listItem","name":"Home"}}]},{"@type":"Organization","@id":"https:\/\/torreauroracinqueterre.it\/de\/#organization","name":"Torre Aurora Cinque Terre","description":"Torre Aurora sorge a picco sul mare e divide Fegina dal Borgo Antico: una torre eretta intorno all\u2019anno 1000, circondata da terrazze panoramiche nel cuore del Parco delle Cinque Terre. Un progetto curato nei dettagli, dall\u2019atmosfera agli arredi: musica da vinili originali, ceramiche artigianali locali e una proposta che valorizza il territorio.","url":"https:\/\/torreauroracinqueterre.it\/de\/","telephone":"+393661453702","numberOfEmployees":{"@type":"QuantitativeValue","value":6},"logo":{"@type":"ImageObject","url":"https:\/\/torreauroracinqueterre.it\/wp-content\/uploads\/2026\/02\/cropped-cropped-LOGO-TORRE-VETTORIALE-ICONA-SITO-3.webp","@id":"https:\/\/torreauroracinqueterre.it\/de\/cookie-richtlinie\/#organizationLogo","width":512,"height":512},"image":{"@id":"https:\/\/torreauroracinqueterre.it\/de\/cookie-richtlinie\/#organizationLogo"},"sameAs":["https:\/\/www.facebook.com\/torreauroracinqueterre\/","https:\/\/www.instagram.com\/torre_aurora_cinqueterre\/"]},{"@type":"WebPage","@id":"https:\/\/torreauroracinqueterre.it\/de\/cookie-richtlinie\/#webpage","url":"https:\/\/torreauroracinqueterre.it\/de\/cookie-richtlinie\/","name":"COOKIE-RICHTLINIE - Torre Aurora Cinque Terre","description":"COOKIE-RICHTLINIE Letzte Aktualisierung: 27.02.2026 1. Was sind Cookies Cookies sind kleine Textdateien, die Websites auf dem Ger\u00e4t des Nutzers speichern, um die Website funktionsf\u00e4hig zu machen und\/oder Informationen zu sammeln. Es gibt auch \u00e4hnliche Technologien (Pixel\/Tags), die analoge Funktionen erf\u00fcllen.","inLanguage":"de-DE","isPartOf":{"@id":"https:\/\/torreauroracinqueterre.it\/de\/#website"},"breadcrumb":{"@id":"https:\/\/torreauroracinqueterre.it\/de\/cookie-richtlinie\/#breadcrumblist"},"datePublished":"2026-02-27T16:04:53+00:00","dateModified":"2026-03-10T09:56:49+00:00"},{"@type":"WebSite","@id":"https:\/\/torreauroracinqueterre.it\/de\/#website","url":"https:\/\/torreauroracinqueterre.it\/de\/","name":"Torre Aurora Cinque Terre","alternateName":"Torre Aurora Cinque Terre","description":"Torre Aurora - Mare, Cucina & Cocktails","inLanguage":"de-DE","publisher":{"@id":"https:\/\/torreauroracinqueterre.it\/de\/#organization"}}]},"og:locale":"de_DE","og:site_name":"Torreauroracinqueterre - Torre Aurora - Mare, Cucina &amp; Cocktails","og:type":"article","og:title":"COOKIE-RICHTLINIE - Torre Aurora Cinque Terre","og:description":"COOKIE-RICHTLINIE Letzte Aktualisierung: 27.02.2026 1. Was sind Cookies Cookies sind kleine Textdateien, die Websites auf dem Ger\u00e4t des Nutzers speichern, um die Website funktionsf\u00e4hig zu machen und\/oder Informationen zu sammeln. Es gibt auch \u00e4hnliche Technologien (Pixel\/Tags), die analoge Funktionen erf\u00fcllen.","og:url":"https:\/\/torreauroracinqueterre.it\/de\/cookie-richtlinie\/","og:image":"https:\/\/torreauroracinqueterre.it\/wp-content\/uploads\/2026\/02\/cropped-cropped-LOGO-TORRE-VETTORIALE-ICONA-SITO-3.webp","og:image:secure_url":"https:\/\/torreauroracinqueterre.it\/wp-content\/uploads\/2026\/02\/cropped-cropped-LOGO-TORRE-VETTORIALE-ICONA-SITO-3.webp","og:image:width":512,"og:image:height":512,"article:published_time":"2026-02-27T16:04:53+00:00","article:modified_time":"2026-03-10T09:56:49+00:00","article:publisher":"https:\/\/www.facebook.com\/torreauroracinqueterre\/","twitter:card":"summary_large_image","twitter:title":"COOKIE-RICHTLINIE - Torre Aurora Cinque Terre","twitter:description":"COOKIE-RICHTLINIE Letzte Aktualisierung: 27.02.2026 1. Was sind Cookies Cookies sind kleine Textdateien, die Websites auf dem Ger\u00e4t des Nutzers speichern, um die Website funktionsf\u00e4hig zu machen und\/oder Informationen zu sammeln. Es gibt auch \u00e4hnliche Technologien (Pixel\/Tags), die analoge Funktionen erf\u00fcllen.","twitter:image":"https:\/\/torreauroracinqueterre.it\/wp-content\/uploads\/2026\/02\/cropped-cropped-LOGO-TORRE-VETTORIALE-ICONA-SITO-3.webp"},"aioseo_meta_data":{"post_id":"1056","title":"COOKIE-RICHTLINIE - Torre Aurora Cinque Terre","description":"COOKIE-RICHTLINIE Letzte Aktualisierung: 27.02.2026 1. Was sind Cookies Cookies sind kleine Textdateien, die Websites auf dem Ger\u00e4t des Nutzers speichern, um die Website funktionsf\u00e4hig zu machen und\/oder Informationen zu sammeln. Es gibt auch \u00e4hnliche Technologien (Pixel\/Tags), die analoge Funktionen erf\u00fcllen. ","keywords":null,"keyphrases":{"focus":{"keyphrase":"COOKIE POLICY","score":64,"analysis":{"keyphraseInTitle":{"score":9,"maxScore":9,"error":0},"keyphraseInDescription":{"score":9,"maxScore":9,"error":0},"keyphraseLength":{"score":9,"maxScore":9,"error":0,"length":2},"keyphraseInURL":{"score":5,"maxScore":5,"error":0},"keyphraseInIntroduction":{"score":3,"maxScore":9,"error":1},"keyphraseInSubHeadings":{"score":3,"maxScore":9,"error":1},"keyphraseInImageAlt":[],"keywordDensity":{"score":0,"type":"low","maxScore":9,"error":1}}},"additional":[{"keyphrase":"Torre Aurora","score":42,"analysis":{"keyphraseInDescription":{"score":3,"maxScore":9,"error":1},"keyphraseLength":{"score":9,"maxScore":9,"error":0,"length":2},"keyphraseInIntroduction":{"score":3,"maxScore":9,"error":1},"keyphraseInImageAlt":[],"keywordDensity":{"score":0,"type":"low","maxScore":9,"error":1}}},{"keyphrase":"Cinque Terre","score":42,"analysis":{"keyphraseInDescription":{"score":3,"maxScore":9,"error":1},"keyphraseLength":{"score":9,"maxScore":9,"error":0,"length":2},"keyphraseInIntroduction":{"score":3,"maxScore":9,"error":1},"keyphraseInImageAlt":[],"keywordDensity":{"score":0,"type":"low","maxScore":9,"error":1}}},{"keyphrase":"Monterosso","score":42,"analysis":{"keyphraseInDescription":{"score":3,"maxScore":9,"error":1},"keyphraseLength":{"score":9,"maxScore":9,"error":0,"length":1},"keyphraseInIntroduction":{"score":3,"maxScore":9,"error":1},"keyphraseInImageAlt":[],"keywordDensity":{"score":0,"type":"low","maxScore":9,"error":1}}},{"keyphrase":"Location","score":42,"analysis":{"keyphraseInDescription":{"score":3,"maxScore":9,"error":1},"keyphraseLength":{"score":9,"maxScore":9,"error":0,"length":1},"keyphraseInIntroduction":{"score":3,"maxScore":9,"error":1},"keyphraseInImageAlt":[],"keywordDensity":{"score":0,"type":"low","maxScore":9,"error":1}}}]},"primary_term":null,"canonical_url":null,"og_title":null,"og_description":null,"og_object_type":"default","og_image_type":"default","og_image_url":null,"og_image_width":null,"og_image_height":null,"og_image_custom_url":null,"og_image_custom_fields":null,"og_video":"","og_custom_url":null,"og_article_section":null,"og_article_tags":null,"twitter_use_og":false,"twitter_card":"default","twitter_image_type":"default","twitter_image_url":null,"twitter_image_custom_url":null,"twitter_image_custom_fields":null,"twitter_title":null,"twitter_description":null,"schema":{"blockGraphs":[],"customGraphs":[],"default":{"data":{"Article":[],"Course":[],"Dataset":[],"FAQPage":[],"Movie":[],"Person":[],"Product":[],"ProductReview":[],"Car":[],"Recipe":[],"Service":[],"SoftwareApplication":[],"WebPage":[]},"graphName":"WebPage","isEnabled":true},"graphs":[]},"schema_type":"default","schema_type_options":null,"pillar_content":false,"robots_default":true,"robots_noindex":false,"robots_noarchive":false,"robots_nosnippet":false,"robots_nofollow":false,"robots_noimageindex":false,"robots_noodp":false,"robots_notranslate":false,"robots_max_snippet":"-1","robots_max_videopreview":"-1","robots_max_imagepreview":"large","priority":null,"frequency":"default","local_seo":null,"seo_analyzer_scan_date":"2026-03-06 08:47:30","breadcrumb_settings":null,"limit_modified_date":false,"reviewed_by":"0","open_ai":null,"ai":{"faqs":[],"keyPoints":[],"titles":[],"descriptions":[],"socialPosts":{"email":[],"linkedin":[],"twitter":[],"facebook":[],"instagram":[]}},"created":"2026-03-10 09:56:49","updated":"2026-03-10 10:24:59"},"aioseo_breadcrumb":"<div class=\"aioseo-breadcrumbs\"><span class=\"aioseo-breadcrumb\">\n\t<a href=\"https:\/\/torreauroracinqueterre.it\/de\/\" title=\"Home\">Home<\/a>\n<\/span><span class=\"aioseo-breadcrumb-separator\">&raquo;<\/span><span class=\"aioseo-breadcrumb\">\n\tCOOKIE-RICHTLINIE\n<\/span><\/div>","aioseo_breadcrumb_json":[{"label":"Home","link":"https:\/\/torreauroracinqueterre.it\/de\/"},{"label":"COOKIE-RICHTLINIE","link":"https:\/\/torreauroracinqueterre.it\/de\/cookie-richtlinie\/"}],"_links":{"self":[{"href":"https:\/\/torreauroracinqueterre.it\/de\/wp-json\/wp\/v2\/pages\/1056","targetHints":{"allow":["GET"]}}],"collection":[{"href":"https:\/\/torreauroracinqueterre.it\/de\/wp-json\/wp\/v2\/pages"}],"about":[{"href":"https:\/\/torreauroracinqueterre.it\/de\/wp-json\/wp\/v2\/types\/page"}],"author":[{"embeddable":true,"href":"https:\/\/torreauroracinqueterre.it\/de\/wp-json\/wp\/v2\/users\/2"}],"replies":[{"embeddable":true,"href":"https:\/\/torreauroracinqueterre.it\/de\/wp-json\/wp\/v2\/comments?post=1056"}],"version-history":[{"count":1,"href":"https:\/\/torreauroracinqueterre.it\/de\/wp-json\/wp\/v2\/pages\/1056\/revisions"}],"predecessor-version":[{"id":1057,"href":"https:\/\/torreauroracinqueterre.it\/de\/wp-json\/wp\/v2\/pages\/1056\/revisions\/1057"}],"wp:attachment":[{"href":"https:\/\/torreauroracinqueterre.it\/de\/wp-json\/wp\/v2\/media?parent=1056"}],"curies":[{"name":"wp","href":"https:\/\/api.w.org\/{rel}","templated":true}]}}