{"id":1073,"date":"2026-02-19T15:16:26","date_gmt":"2026-02-19T15:16:26","guid":{"rendered":"https:\/\/torreauroracinqueterre.it\/cuisine-vins-bieres\/"},"modified":"2026-04-01T04:46:52","modified_gmt":"2026-04-01T04:46:52","slug":"cuisine-vins-bieres","status":"publish","type":"page","link":"https:\/\/torreauroracinqueterre.it\/fr\/cuisine-vins-bieres\/","title":{"rendered":"CUISINE"},"content":{"rendered":"\t\t<div data-elementor-type=\"wp-page\" data-elementor-id=\"1073\" class=\"elementor elementor-1073 elementor-56\" data-elementor-post-type=\"page\">\n\t\t\t\t<div class=\"elementor-element elementor-element-3778e964 e-flex e-con-boxed e-con e-parent\" data-id=\"3778e964\" data-element_type=\"container\" data-e-type=\"container\" data-settings=\"{&quot;background_background&quot;:&quot;slideshow&quot;,&quot;background_slideshow_gallery&quot;:[{&quot;id&quot;:1064,&quot;url&quot;:&quot;https:\\\/\\\/torreauroracinqueterre.it\\\/wp-content\\\/uploads\\\/2026\\\/02\\\/food022.webp&quot;},{&quot;id&quot;:1065,&quot;url&quot;:&quot;https:\\\/\\\/torreauroracinqueterre.it\\\/wp-content\\\/uploads\\\/2026\\\/02\\\/0068.webp&quot;},{&quot;id&quot;:1066,&quot;url&quot;:&quot;https:\\\/\\\/torreauroracinqueterre.it\\\/wp-content\\\/uploads\\\/2026\\\/02\\\/food166.webp&quot;},{&quot;id&quot;:1067,&quot;url&quot;:&quot;https:\\\/\\\/torreauroracinqueterre.it\\\/wp-content\\\/uploads\\\/2026\\\/02\\\/E5A0974.webp&quot;},{&quot;id&quot;:1068,&quot;url&quot;:&quot;https:\\\/\\\/torreauroracinqueterre.it\\\/wp-content\\\/uploads\\\/2026\\\/02\\\/0034.webp&quot;}],&quot;background_slideshow_slide_duration&quot;:2500,&quot;background_slideshow_loop&quot;:&quot;yes&quot;,&quot;background_slideshow_slide_transition&quot;:&quot;fade&quot;,&quot;background_slideshow_transition_duration&quot;:500}\">\n\t\t\t\t\t<div class=\"e-con-inner\">\n\t\t\t\t<div class=\"elementor-element elementor-element-4f611b47 elementor-widget elementor-widget-text-editor\" data-id=\"4f611b47\" data-element_type=\"widget\" data-e-type=\"widget\" data-widget_type=\"text-editor.default\">\n\t\t\t\t\t\t\t\t\t<p>TRADITION ET S\u00c9LECTION<\/p>\t\t\t\t\t\t\t\t<\/div>\n\t\t\t\t<div class=\"elementor-element elementor-element-1f79c63d elementor-widget elementor-widget-heading\" data-id=\"1f79c63d\" data-element_type=\"widget\" data-e-type=\"widget\" data-widget_type=\"heading.default\">\n\t\t\t\t\t<h1 class=\"elementor-heading-title elementor-size-default\">CUISINE<\/h1>\t\t\t\t<\/div>\n\t\t\t\t<div class=\"elementor-element elementor-element-5fee4f3d elementor-widget elementor-widget-text-editor\" data-id=\"5fee4f3d\" data-element_type=\"widget\" data-e-type=\"widget\" data-widget_type=\"text-editor.default\">\n\t\t\t\t\t\t\t\t\t<p>Ingr\u00e9dients s\u00e9lectionn\u00e9s et accords soign\u00e9s, avec une proposition compl\u00e8te : cuisine de la mer et de la terre, cave choisie et bi\u00e8res artisanales.<\/p>\t\t\t\t\t\t\t\t<\/div>\n\t\t\t\t\t<\/div>\n\t\t\t\t<\/div>\n\t\t<div class=\"elementor-element elementor-element-3442b23e e-flex e-con-boxed e-con e-parent\" data-id=\"3442b23e\" data-element_type=\"container\" data-e-type=\"container\" data-settings=\"{&quot;background_background&quot;:&quot;classic&quot;}\">\n\t\t\t\t\t<div class=\"e-con-inner\">\n\t\t<div class=\"elementor-element elementor-element-12f4585c e-con-full e-flex e-con e-child\" data-id=\"12f4585c\" data-element_type=\"container\" data-e-type=\"container\">\n\t\t<div class=\"elementor-element elementor-element-735ed81c e-con-full e-flex e-con e-child\" data-id=\"735ed81c\" data-element_type=\"container\" data-e-type=\"container\">\n\t\t\t\t<div class=\"elementor-element elementor-element-4f90830d elementor-widget elementor-widget-text-editor\" data-id=\"4f90830d\" data-element_type=\"widget\" data-e-type=\"widget\" data-widget_type=\"text-editor.default\">\n\t\t\t\t\t\t\t\t\t<div class=\"ta-kicker\"><p data-start=\"890\" data-end=\"932\">Ingr\u00e9dients s\u00e9lectionn\u00e9s, cuisine soign\u00e9e<\/p><\/div>\t\t\t\t\t\t\t\t<\/div>\n\t\t\t\t<div class=\"elementor-element elementor-element-364beff3 elementor-widget elementor-widget-heading\" data-id=\"364beff3\" data-element_type=\"widget\" data-e-type=\"widget\" data-widget_type=\"heading.default\">\n\t\t\t\t\t<h2 class=\"elementor-heading-title elementor-size-default\">LA TORRE<\/h2>\t\t\t\t<\/div>\n\t\t\t\t<div class=\"elementor-element elementor-element-632c4eac elementor-widget elementor-widget-text-editor\" data-id=\"632c4eac\" data-element_type=\"widget\" data-e-type=\"widget\" data-widget_type=\"text-editor.default\">\n\t\t\t\t\t\t\t\t\t<p class=\"ta-text\">Chaque plat de la cuisine de Torre Aurora est pr\u00e9par\u00e9 avec des ingr\u00e9dients soigneusement s\u00e9lectionn\u00e9s, valorisant les excellences du territoire et pr\u00eatant attention aux accords, afin de rendre chaque mets harmonieux et complet. <br data-start=\"689\" data-end=\"692\">Tout au long de la journ\u00e9e, la carte propose des suggestions l\u00e9g\u00e8res et des plats plus structur\u00e9s : recettes traditionnelles, plats de poisson et de viande.  <br data-start=\"887\" data-end=\"890\">La cuisine suit une approche claire : qualit\u00e9 de la mati\u00e8re premi\u00e8re, pr\u00e9parations soign\u00e9es et une offre pens\u00e9e pour \u00eatre agr\u00e9able \u00e0 tout moment de la journ\u00e9e, sans exc\u00e8s. <br data-start=\"1106\" data-end=\"1109\">Pour conclure, une s\u00e9lection de desserts maison \u00e9labor\u00e9s par le Chef P\u00e2tissier, afin de compl\u00e9ter l\u2019exp\u00e9rience avec continuit\u00e9 et coh\u00e9rence.<\/p>\t\t\t\t\t\t\t\t<\/div>\n\t\t<div class=\"elementor-element elementor-element-1df841b6 e-con-full e-flex e-con e-child\" data-id=\"1df841b6\" data-element_type=\"container\" data-e-type=\"container\">\n\t\t\t\t<div class=\"elementor-element elementor-element-689996ec elementor-widget elementor-widget-button\" data-id=\"689996ec\" data-element_type=\"widget\" data-e-type=\"widget\" data-widget_type=\"button.default\">\n\t\t\t\t\t\t\t\t\t\t<a class=\"elementor-button elementor-button-link elementor-size-sm\" href=\"https:\/\/torreauroracinqueterre.it\/wp-content\/uploads\/2026\/03\/MENU-RISTORANTE.pdf\" target=\"_blank\">\n\t\t\t\t\t\t<span class=\"elementor-button-content-wrapper\">\n\t\t\t\t\t\t\t\t\t<span class=\"elementor-button-text\">D\u00c9COUVREZ LA CARTE<\/span>\n\t\t\t\t\t<\/span>\n\t\t\t\t\t<\/a>\n\t\t\t\t\t\t\t\t<\/div>\n\t\t\t\t<div class=\"elementor-element elementor-element-fa3fbb7 elementor-widget elementor-widget-button\" data-id=\"fa3fbb7\" data-element_type=\"widget\" data-e-type=\"widget\" data-widget_type=\"button.default\">\n\t\t\t\t\t\t\t\t\t\t<a class=\"elementor-button elementor-button-link elementor-size-sm\" href=\"https:\/\/torreauroracinqueterre.it\/fr\/galerie\/#piatti\">\n\t\t\t\t\t\t<span class=\"elementor-button-content-wrapper\">\n\t\t\t\t\t\t\t\t\t<span class=\"elementor-button-text\">VOIR LA GALERIE<\/span>\n\t\t\t\t\t<\/span>\n\t\t\t\t\t<\/a>\n\t\t\t\t\t\t\t\t<\/div>\n\t\t\t\t<\/div>\n\t\t\t\t<\/div>\n\t\t\t\t<\/div>\n\t\t<div class=\"elementor-element elementor-element-2541c00e e-con-full e-flex e-con e-child\" data-id=\"2541c00e\" data-element_type=\"container\" data-e-type=\"container\" data-settings=\"{&quot;background_background&quot;:&quot;video&quot;,&quot;background_video_link&quot;:&quot;https:\\\/\\\/labbeauty.it\\\/wp-content\\\/uploads\\\/2026\\\/02\\\/VIDEO-PIATTI.mov&quot;,&quot;background_play_on_mobile&quot;:&quot;yes&quot;}\">\n\t\t<div class=\"elementor-background-video-container\">\n\t\t\t\t\t\t\t<video class=\"elementor-background-video-hosted\" role=\"presentation\" autoplay muted playsinline loop><\/video>\n\t\t\t\t\t<\/div>\t\t<\/div>\n\t\t\t\t\t<\/div>\n\t\t\t\t<\/div>\n\t\t\t\t<\/div>\n\t\t","protected":false},"excerpt":{"rendered":"<p>TRADITION ET S\u00c9LECTION CUISINE Ingr\u00e9dients s\u00e9lectionn\u00e9s et accords soign\u00e9s, avec une proposition compl\u00e8te : cuisine de la mer et de la terre, cave choisie et bi\u00e8res artisanales. Ingr\u00e9dients s\u00e9lectionn\u00e9s, cuisine soign\u00e9e LA TORRE Chaque plat de la cuisine de Torre Aurora est pr\u00e9par\u00e9 avec des ingr\u00e9dients soigneusement s\u00e9lectionn\u00e9s, valorisant les excellences du territoire et pr\u00eatant [&hellip;]<\/p>\n","protected":false},"author":2,"featured_media":0,"parent":0,"menu_order":0,"comment_status":"closed","ping_status":"closed","template":"","meta":{"footnotes":""},"class_list":["post-1073","page","type-page","status-publish","hentry"],"aioseo_notices":[],"aioseo_head":"\n\t\t<!-- All in One SEO Pro 4.9.6.1 - aioseo.com -->\n\t<meta name=\"description\" content=\"Plats de poisson et de viande, salades gourmandes et desserts du chef. S\u00e9lection de vins des Cinque Terre et bi\u00e8res artisanales.\" \/>\n\t<meta name=\"robots\" content=\"max-image-preview:large\" \/>\n\t<link rel=\"canonical\" href=\"https:\/\/torreauroracinqueterre.it\/fr\/cuisine-vins-bieres\/\" \/>\n\t<meta name=\"generator\" content=\"All in One SEO Pro (AIOSEO) 4.9.6.1\" \/>\n\t\t<meta property=\"og:locale\" content=\"fr_FR\" \/>\n\t\t<meta property=\"og:site_name\" content=\"Torreauroracinqueterre - Torre Aurora - Mare, Cucina &amp; Cocktails\" \/>\n\t\t<meta property=\"og:type\" content=\"article\" \/>\n\t\t<meta property=\"og:title\" content=\"Cuisine Torre Aurora\" \/>\n\t\t<meta property=\"og:description\" content=\"Plats de poisson et de viande, salades gourmandes et desserts du chef. S\u00e9lection de vins des Cinque Terre et bi\u00e8res artisanales.\" \/>\n\t\t<meta property=\"og:url\" content=\"https:\/\/torreauroracinqueterre.it\/fr\/cuisine-vins-bieres\/\" \/>\n\t\t<meta property=\"og:image\" content=\"https:\/\/torreauroracinqueterre.it\/wp-content\/uploads\/2026\/02\/cropped-cropped-LOGO-TORRE-VETTORIALE-ICONA-SITO-3.webp\" \/>\n\t\t<meta property=\"og:image:secure_url\" content=\"https:\/\/torreauroracinqueterre.it\/wp-content\/uploads\/2026\/02\/cropped-cropped-LOGO-TORRE-VETTORIALE-ICONA-SITO-3.webp\" \/>\n\t\t<meta property=\"og:image:width\" content=\"512\" \/>\n\t\t<meta property=\"og:image:height\" content=\"512\" \/>\n\t\t<meta property=\"article:published_time\" content=\"2026-02-19T15:16:26+00:00\" \/>\n\t\t<meta property=\"article:modified_time\" content=\"2026-04-01T04:46:52+00:00\" \/>\n\t\t<meta property=\"article:publisher\" content=\"https:\/\/www.facebook.com\/torreauroracinqueterre\/\" \/>\n\t\t<meta name=\"twitter:card\" content=\"summary_large_image\" \/>\n\t\t<meta name=\"twitter:title\" content=\"Cuisine Torre Aurora\" \/>\n\t\t<meta name=\"twitter:description\" content=\"Plats de poisson et de viande, salades gourmandes et desserts du chef. S\u00e9lection de vins des Cinque Terre et bi\u00e8res artisanales.\" \/>\n\t\t<meta name=\"twitter:image\" content=\"https:\/\/torreauroracinqueterre.it\/wp-content\/uploads\/2026\/02\/cropped-cropped-LOGO-TORRE-VETTORIALE-ICONA-SITO-3.webp\" \/>\n\t\t<script type=\"application\/ld+json\" class=\"aioseo-schema\">\n\t\t\t{\"@context\":\"https:\\\/\\\/schema.org\",\"@graph\":[{\"@type\":\"BreadcrumbList\",\"@id\":\"https:\\\/\\\/torreauroracinqueterre.it\\\/fr\\\/cuisine-vins-bieres\\\/#breadcrumblist\",\"itemListElement\":[{\"@type\":\"ListItem\",\"@id\":\"https:\\\/\\\/torreauroracinqueterre.it\\\/fr\\\/#listItem\",\"position\":1,\"name\":\"Home\",\"item\":\"https:\\\/\\\/torreauroracinqueterre.it\\\/fr\\\/\",\"nextItem\":{\"@type\":\"ListItem\",\"@id\":\"https:\\\/\\\/torreauroracinqueterre.it\\\/fr\\\/cuisine-vins-bieres\\\/#listItem\",\"name\":\"CUISINE\"}},{\"@type\":\"ListItem\",\"@id\":\"https:\\\/\\\/torreauroracinqueterre.it\\\/fr\\\/cuisine-vins-bieres\\\/#listItem\",\"position\":2,\"name\":\"CUISINE\",\"previousItem\":{\"@type\":\"ListItem\",\"@id\":\"https:\\\/\\\/torreauroracinqueterre.it\\\/fr\\\/#listItem\",\"name\":\"Home\"}}]},{\"@type\":\"Organization\",\"@id\":\"https:\\\/\\\/torreauroracinqueterre.it\\\/fr\\\/#organization\",\"name\":\"Torre Aurora Cinque Terre\",\"description\":\"Torre Aurora sorge a picco sul mare e divide Fegina dal Borgo Antico: una torre eretta intorno all\\u2019anno 1000, circondata da terrazze panoramiche nel cuore del Parco delle Cinque Terre. Un progetto curato nei dettagli, dall\\u2019atmosfera agli arredi: musica da vinili originali, ceramiche artigianali locali e una proposta che valorizza il territorio.\",\"url\":\"https:\\\/\\\/torreauroracinqueterre.it\\\/fr\\\/\",\"telephone\":\"+393661453702\",\"numberOfEmployees\":{\"@type\":\"QuantitativeValue\",\"value\":6},\"logo\":{\"@type\":\"ImageObject\",\"url\":\"https:\\\/\\\/torreauroracinqueterre.it\\\/wp-content\\\/uploads\\\/2026\\\/02\\\/cropped-cropped-LOGO-TORRE-VETTORIALE-ICONA-SITO-3.webp\",\"@id\":\"https:\\\/\\\/torreauroracinqueterre.it\\\/fr\\\/cuisine-vins-bieres\\\/#organizationLogo\",\"width\":512,\"height\":512},\"image\":{\"@id\":\"https:\\\/\\\/torreauroracinqueterre.it\\\/fr\\\/cuisine-vins-bieres\\\/#organizationLogo\"},\"sameAs\":[\"https:\\\/\\\/www.facebook.com\\\/torreauroracinqueterre\\\/\",\"https:\\\/\\\/www.instagram.com\\\/torre_aurora_cinqueterre\\\/\"]},{\"@type\":\"WebPage\",\"@id\":\"https:\\\/\\\/torreauroracinqueterre.it\\\/fr\\\/cuisine-vins-bieres\\\/#webpage\",\"url\":\"https:\\\/\\\/torreauroracinqueterre.it\\\/fr\\\/cuisine-vins-bieres\\\/\",\"name\":\"Cuisine Torre Aurora\",\"description\":\"Plats de poisson et de viande, salades gourmandes et desserts du chef. S\\u00e9lection de vins des Cinque Terre et bi\\u00e8res artisanales.\",\"inLanguage\":\"fr-FR\",\"isPartOf\":{\"@id\":\"https:\\\/\\\/torreauroracinqueterre.it\\\/fr\\\/#website\"},\"breadcrumb\":{\"@id\":\"https:\\\/\\\/torreauroracinqueterre.it\\\/fr\\\/cuisine-vins-bieres\\\/#breadcrumblist\"},\"datePublished\":\"2026-02-19T15:16:26+00:00\",\"dateModified\":\"2026-04-01T04:46:52+00:00\"},{\"@type\":\"WebSite\",\"@id\":\"https:\\\/\\\/torreauroracinqueterre.it\\\/fr\\\/#website\",\"url\":\"https:\\\/\\\/torreauroracinqueterre.it\\\/fr\\\/\",\"name\":\"Torre Aurora Cinque Terre\",\"alternateName\":\"Torre Aurora Cinque Terre\",\"description\":\"Torre Aurora - Mare, Cucina & Cocktails\",\"inLanguage\":\"fr-FR\",\"publisher\":{\"@id\":\"https:\\\/\\\/torreauroracinqueterre.it\\\/fr\\\/#organization\"}}]}\n\t\t<\/script>\n\t\t<!-- All in One SEO Pro -->\r\n\t\t<title>Cuisine Torre Aurora<\/title>\n\n","aioseo_head_json":{"title":"Cuisine Torre Aurora","description":"Plats de poisson et de viande, salades gourmandes et desserts du chef. S\u00e9lection de vins des Cinque Terre et bi\u00e8res artisanales.","canonical_url":"https:\/\/torreauroracinqueterre.it\/fr\/cuisine-vins-bieres\/","robots":"max-image-preview:large","keywords":"","webmasterTools":{"miscellaneous":""},"schema":{"@context":"https:\/\/schema.org","@graph":[{"@type":"BreadcrumbList","@id":"https:\/\/torreauroracinqueterre.it\/fr\/cuisine-vins-bieres\/#breadcrumblist","itemListElement":[{"@type":"ListItem","@id":"https:\/\/torreauroracinqueterre.it\/fr\/#listItem","position":1,"name":"Home","item":"https:\/\/torreauroracinqueterre.it\/fr\/","nextItem":{"@type":"ListItem","@id":"https:\/\/torreauroracinqueterre.it\/fr\/cuisine-vins-bieres\/#listItem","name":"CUISINE"}},{"@type":"ListItem","@id":"https:\/\/torreauroracinqueterre.it\/fr\/cuisine-vins-bieres\/#listItem","position":2,"name":"CUISINE","previousItem":{"@type":"ListItem","@id":"https:\/\/torreauroracinqueterre.it\/fr\/#listItem","name":"Home"}}]},{"@type":"Organization","@id":"https:\/\/torreauroracinqueterre.it\/fr\/#organization","name":"Torre Aurora Cinque Terre","description":"Torre Aurora sorge a picco sul mare e divide Fegina dal Borgo Antico: una torre eretta intorno all\u2019anno 1000, circondata da terrazze panoramiche nel cuore del Parco delle Cinque Terre. Un progetto curato nei dettagli, dall\u2019atmosfera agli arredi: musica da vinili originali, ceramiche artigianali locali e una proposta che valorizza il territorio.","url":"https:\/\/torreauroracinqueterre.it\/fr\/","telephone":"+393661453702","numberOfEmployees":{"@type":"QuantitativeValue","value":6},"logo":{"@type":"ImageObject","url":"https:\/\/torreauroracinqueterre.it\/wp-content\/uploads\/2026\/02\/cropped-cropped-LOGO-TORRE-VETTORIALE-ICONA-SITO-3.webp","@id":"https:\/\/torreauroracinqueterre.it\/fr\/cuisine-vins-bieres\/#organizationLogo","width":512,"height":512},"image":{"@id":"https:\/\/torreauroracinqueterre.it\/fr\/cuisine-vins-bieres\/#organizationLogo"},"sameAs":["https:\/\/www.facebook.com\/torreauroracinqueterre\/","https:\/\/www.instagram.com\/torre_aurora_cinqueterre\/"]},{"@type":"WebPage","@id":"https:\/\/torreauroracinqueterre.it\/fr\/cuisine-vins-bieres\/#webpage","url":"https:\/\/torreauroracinqueterre.it\/fr\/cuisine-vins-bieres\/","name":"Cuisine Torre Aurora","description":"Plats de poisson et de viande, salades gourmandes et desserts du chef. S\u00e9lection de vins des Cinque Terre et bi\u00e8res artisanales.","inLanguage":"fr-FR","isPartOf":{"@id":"https:\/\/torreauroracinqueterre.it\/fr\/#website"},"breadcrumb":{"@id":"https:\/\/torreauroracinqueterre.it\/fr\/cuisine-vins-bieres\/#breadcrumblist"},"datePublished":"2026-02-19T15:16:26+00:00","dateModified":"2026-04-01T04:46:52+00:00"},{"@type":"WebSite","@id":"https:\/\/torreauroracinqueterre.it\/fr\/#website","url":"https:\/\/torreauroracinqueterre.it\/fr\/","name":"Torre Aurora Cinque Terre","alternateName":"Torre Aurora Cinque Terre","description":"Torre Aurora - Mare, Cucina & Cocktails","inLanguage":"fr-FR","publisher":{"@id":"https:\/\/torreauroracinqueterre.it\/fr\/#organization"}}]},"og:locale":"fr_FR","og:site_name":"Torreauroracinqueterre - Torre Aurora - Mare, Cucina &amp; Cocktails","og:type":"article","og:title":"Cuisine Torre Aurora","og:description":"Plats de poisson et de viande, salades gourmandes et desserts du chef. S\u00e9lection de vins des Cinque Terre et bi\u00e8res artisanales.","og:url":"https:\/\/torreauroracinqueterre.it\/fr\/cuisine-vins-bieres\/","og:image":"https:\/\/torreauroracinqueterre.it\/wp-content\/uploads\/2026\/02\/cropped-cropped-LOGO-TORRE-VETTORIALE-ICONA-SITO-3.webp","og:image:secure_url":"https:\/\/torreauroracinqueterre.it\/wp-content\/uploads\/2026\/02\/cropped-cropped-LOGO-TORRE-VETTORIALE-ICONA-SITO-3.webp","og:image:width":512,"og:image:height":512,"article:published_time":"2026-02-19T15:16:26+00:00","article:modified_time":"2026-04-01T04:46:52+00:00","article:publisher":"https:\/\/www.facebook.com\/torreauroracinqueterre\/","twitter:card":"summary_large_image","twitter:title":"Cuisine Torre Aurora","twitter:description":"Plats de poisson et de viande, salades gourmandes et desserts du chef. S\u00e9lection de vins des Cinque Terre et bi\u00e8res artisanales.","twitter:image":"https:\/\/torreauroracinqueterre.it\/wp-content\/uploads\/2026\/02\/cropped-cropped-LOGO-TORRE-VETTORIALE-ICONA-SITO-3.webp"},"aioseo_meta_data":{"post_id":"1073","title":"Cuisine Torre Aurora","description":"Plats de poisson et de viande, salades gourmandes et desserts du chef. S\u00e9lection de vins des Cinque Terre et bi\u00e8res artisanales. ","keywords":null,"keyphrases":{"focus":{"keyphrase":"Cucina","score":69,"analysis":{"keyphraseInTitle":{"score":9,"maxScore":9,"error":0},"keyphraseInDescription":{"score":3,"maxScore":9,"error":1},"keyphraseLength":{"score":9,"maxScore":9,"error":0,"length":1},"keyphraseInURL":{"score":5,"maxScore":5,"error":0},"keyphraseInIntroduction":{"score":3,"maxScore":9,"error":1},"keyphraseInSubHeadings":{"score":3,"maxScore":9,"error":1},"keyphraseInImageAlt":[],"keywordDensity":{"type":"best","score":9,"maxScore":9,"error":0}}},"additional":[{"keyphrase":"Cucina Torre Aurora","score":42,"analysis":{"keyphraseInDescription":{"score":3,"maxScore":9,"error":1},"keyphraseLength":{"score":9,"maxScore":9,"error":0,"length":3},"keyphraseInIntroduction":{"score":3,"maxScore":9,"error":1},"keyphraseInImageAlt":[],"keywordDensity":{"score":0,"type":"low","maxScore":9,"error":1}}},{"keyphrase":"Monterosso","score":42,"analysis":{"keyphraseInDescription":{"score":3,"maxScore":9,"error":1},"keyphraseLength":{"score":9,"maxScore":9,"error":0,"length":1},"keyphraseInIntroduction":{"score":3,"maxScore":9,"error":1},"keyphraseInImageAlt":[],"keywordDensity":{"score":0,"type":"low","maxScore":9,"error":1}}},{"keyphrase":"Cinque Terre","score":83,"analysis":{"keyphraseInDescription":{"score":9,"maxScore":9,"error":0},"keyphraseLength":{"score":9,"maxScore":9,"error":0,"length":2},"keyphraseInIntroduction":{"score":3,"maxScore":9,"error":1},"keyphraseInImageAlt":[],"keywordDensity":{"type":"best","score":9,"maxScore":9,"error":0}}},{"keyphrase":"birre artigianali","score":58,"analysis":{"keyphraseInDescription":{"score":9,"maxScore":9,"error":0},"keyphraseLength":{"score":9,"maxScore":9,"error":0,"length":2},"keyphraseInIntroduction":{"score":3,"maxScore":9,"error":1},"keyphraseInImageAlt":[],"keywordDensity":{"score":0,"type":"low","maxScore":9,"error":1}}},{"keyphrase":"Piatti di pesce e carne","score":50,"analysis":{"keyphraseInDescription":{"score":9,"maxScore":9,"error":0},"keyphraseLength":{"score":6,"maxScore":9,"error":1,"length":5},"keyphraseInIntroduction":{"score":3,"maxScore":9,"error":1},"keyphraseInImageAlt":[],"keywordDensity":{"score":0,"type":"low","maxScore":9,"error":1}}},{"keyphrase":"insalate gourmet","score":58,"analysis":{"keyphraseInDescription":{"score":9,"maxScore":9,"error":0},"keyphraseLength":{"score":9,"maxScore":9,"error":0,"length":2},"keyphraseInIntroduction":{"score":3,"maxScore":9,"error":1},"keyphraseInImageAlt":[],"keywordDensity":{"score":0,"type":"low","maxScore":9,"error":1}}},{"keyphrase":"menu","score":42,"analysis":{"keyphraseInDescription":{"score":3,"maxScore":9,"error":1},"keyphraseLength":{"score":9,"maxScore":9,"error":0,"length":1},"keyphraseInIntroduction":{"score":3,"maxScore":9,"error":1},"keyphraseInImageAlt":[],"keywordDensity":{"score":0,"type":"low","maxScore":9,"error":1}}}]},"primary_term":null,"canonical_url":null,"og_title":null,"og_description":null,"og_object_type":"default","og_image_type":"default","og_image_url":null,"og_image_width":null,"og_image_height":null,"og_image_custom_url":null,"og_image_custom_fields":null,"og_video":"","og_custom_url":null,"og_article_section":null,"og_article_tags":null,"twitter_use_og":false,"twitter_card":"default","twitter_image_type":"default","twitter_image_url":null,"twitter_image_custom_url":null,"twitter_image_custom_fields":null,"twitter_title":null,"twitter_description":null,"schema":{"blockGraphs":[],"customGraphs":[],"default":{"data":{"Article":[],"Course":[],"Dataset":[],"FAQPage":[],"Movie":[],"Person":[],"Product":[],"ProductReview":[],"Car":[],"Recipe":[],"Service":[],"SoftwareApplication":[],"WebPage":[]},"graphName":"WebPage","isEnabled":true},"graphs":[]},"schema_type":"default","schema_type_options":null,"pillar_content":false,"robots_default":true,"robots_noindex":false,"robots_noarchive":false,"robots_nosnippet":false,"robots_nofollow":false,"robots_noimageindex":false,"robots_noodp":false,"robots_notranslate":false,"robots_max_snippet":"-1","robots_max_videopreview":"-1","robots_max_imagepreview":"large","priority":null,"frequency":"default","local_seo":null,"seo_analyzer_scan_date":"2026-03-31 15:22:54","breadcrumb_settings":null,"limit_modified_date":false,"reviewed_by":"0","open_ai":null,"ai":{"faqs":[],"keyPoints":[],"titles":[],"descriptions":[],"socialPosts":{"email":[],"linkedin":[],"twitter":[],"facebook":[],"instagram":[]}},"created":"2026-03-10 10:21:06","updated":"2026-04-01 04:52:34"},"aioseo_breadcrumb":"<div class=\"aioseo-breadcrumbs\"><span class=\"aioseo-breadcrumb\">\n\t<a href=\"https:\/\/torreauroracinqueterre.it\/fr\/\" title=\"Home\">Home<\/a>\n<\/span><span class=\"aioseo-breadcrumb-separator\">&raquo;<\/span><span class=\"aioseo-breadcrumb\">\n\tCUISINE\n<\/span><\/div>","aioseo_breadcrumb_json":[{"label":"Home","link":"https:\/\/torreauroracinqueterre.it\/fr\/"},{"label":"CUISINE","link":"https:\/\/torreauroracinqueterre.it\/fr\/cuisine-vins-bieres\/"}],"_links":{"self":[{"href":"https:\/\/torreauroracinqueterre.it\/fr\/wp-json\/wp\/v2\/pages\/1073","targetHints":{"allow":["GET"]}}],"collection":[{"href":"https:\/\/torreauroracinqueterre.it\/fr\/wp-json\/wp\/v2\/pages"}],"about":[{"href":"https:\/\/torreauroracinqueterre.it\/fr\/wp-json\/wp\/v2\/types\/page"}],"author":[{"embeddable":true,"href":"https:\/\/torreauroracinqueterre.it\/fr\/wp-json\/wp\/v2\/users\/2"}],"replies":[{"embeddable":true,"href":"https:\/\/torreauroracinqueterre.it\/fr\/wp-json\/wp\/v2\/comments?post=1073"}],"version-history":[{"count":4,"href":"https:\/\/torreauroracinqueterre.it\/fr\/wp-json\/wp\/v2\/pages\/1073\/revisions"}],"predecessor-version":[{"id":1952,"href":"https:\/\/torreauroracinqueterre.it\/fr\/wp-json\/wp\/v2\/pages\/1073\/revisions\/1952"}],"wp:attachment":[{"href":"https:\/\/torreauroracinqueterre.it\/fr\/wp-json\/wp\/v2\/media?parent=1073"}],"curies":[{"name":"wp","href":"https:\/\/api.w.org\/{rel}","templated":true}]}}