{"id":1695,"date":"2026-03-02T08:49:04","date_gmt":"2026-03-02T08:49:04","guid":{"rendered":"https:\/\/torreauroracinqueterre.it\/reserver-maintenant\/"},"modified":"2026-04-01T05:44:39","modified_gmt":"2026-04-01T05:44:39","slug":"reserver-maintenant","status":"publish","type":"page","link":"https:\/\/torreauroracinqueterre.it\/fr\/reserver-maintenant\/","title":{"rendered":"R\u00c9SERVER MAINTENANT"},"content":{"rendered":"\t\t<div data-elementor-type=\"wp-page\" data-elementor-id=\"1695\" class=\"elementor elementor-1695 elementor-937\" data-elementor-post-type=\"page\">\n\t\t\t\t<div class=\"elementor-element elementor-element-2b3c3629 e-flex e-con-boxed e-con e-parent\" data-id=\"2b3c3629\" data-element_type=\"container\" data-e-type=\"container\" data-settings=\"{&quot;background_background&quot;:&quot;classic&quot;}\">\n\t\t\t\t\t<div class=\"e-con-inner\">\n\t\t<div class=\"elementor-element elementor-element-82e9abd e-con-full e-flex e-con e-child\" data-id=\"82e9abd\" data-element_type=\"container\" data-e-type=\"container\">\n\t\t\t\t<div class=\"elementor-element elementor-element-3af06772 elementor-widget elementor-widget-heading\" data-id=\"3af06772\" data-element_type=\"widget\" data-e-type=\"widget\" data-widget_type=\"heading.default\">\n\t\t\t\t\t<h2 class=\"elementor-heading-title elementor-size-default\">R\u00e9server maintenant<\/h2>\t\t\t\t<\/div>\n\t\t\t\t<div class=\"elementor-element elementor-element-3da98b37 elementor-widget elementor-widget-text-editor\" data-id=\"3da98b37\" data-element_type=\"widget\" data-e-type=\"widget\" data-widget_type=\"text-editor.default\">\n\t\t\t\t\t\t\t\t\t<p>Pour r\u00e9server une table \u00e0 Torre Aurora, vous pouvez nous contacter directement.<br>Indiquez-nous la <strong data-start=\"1011\" data-end=\"1019\">date<\/strong>, l\u2019<strong data-start=\"1021\" data-end=\"1031\">heure<\/strong>, le <strong data-start=\"1033\" data-end=\"1054\">nombre de personnes<\/strong> et, le cas \u00e9ch\u00e9ant, toute demande particuli\u00e8re.<br>Nous vous r\u00e9pondrons pour vous confirmer la disponibilit\u00e9.<\/p>\t\t\t\t\t\t\t\t<\/div>\n\t\t<div class=\"elementor-element elementor-element-3c05067 e-con-full e-flex e-con e-child\" data-id=\"3c05067\" data-element_type=\"container\" data-e-type=\"container\" data-settings=\"{&quot;background_background&quot;:&quot;classic&quot;}\">\n\t\t\t\t<div class=\"elementor-element elementor-element-7bdc07c elementor-view-default elementor-widget elementor-widget-icon\" data-id=\"7bdc07c\" data-element_type=\"widget\" data-e-type=\"widget\" data-widget_type=\"icon.default\">\n\t\t\t\t\t\t\t<div class=\"elementor-icon-wrapper\">\n\t\t\t<div class=\"elementor-icon\">\n\t\t\t<svg aria-hidden=\"true\" class=\"e-font-icon-svg e-fas-phone-alt\" viewBox=\"0 0 512 512\" xmlns=\"http:\/\/www.w3.org\/2000\/svg\"><path d=\"M497.39 361.8l-112-48a24 24 0 0 0-28 6.9l-49.6 60.6A370.66 370.66 0 0 1 130.6 204.11l60.6-49.6a23.94 23.94 0 0 0 6.9-28l-48-112A24.16 24.16 0 0 0 122.6.61l-104 24A24 24 0 0 0 0 48c0 256.5 207.9 464 464 464a24 24 0 0 0 23.4-18.6l24-104a24.29 24.29 0 0 0-14.01-27.6z\"><\/path><\/svg>\t\t\t<\/div>\n\t\t<\/div>\n\t\t\t\t\t\t<\/div>\n\t\t\t\t<div class=\"elementor-element elementor-element-a54a1a6 elementor-widget elementor-widget-text-editor\" data-id=\"a54a1a6\" data-element_type=\"widget\" data-e-type=\"widget\" data-widget_type=\"text-editor.default\">\n\t\t\t\t\t\t\t\t\t<p>+39 366 1453702<\/p>\t\t\t\t\t\t\t\t<\/div>\n\t\t\t\t<\/div>\n\t\t<div class=\"elementor-element elementor-element-8ea7d39 e-con-full e-flex e-con e-child\" data-id=\"8ea7d39\" data-element_type=\"container\" data-e-type=\"container\" data-settings=\"{&quot;background_background&quot;:&quot;classic&quot;}\">\n\t\t\t\t<div class=\"elementor-element elementor-element-826eddc elementor-view-default elementor-widget elementor-widget-icon\" data-id=\"826eddc\" data-element_type=\"widget\" data-e-type=\"widget\" data-widget_type=\"icon.default\">\n\t\t\t\t\t\t\t<div class=\"elementor-icon-wrapper\">\n\t\t\t<div class=\"elementor-icon\">\n\t\t\t<svg aria-hidden=\"true\" class=\"e-font-icon-svg e-far-envelope\" viewBox=\"0 0 512 512\" xmlns=\"http:\/\/www.w3.org\/2000\/svg\"><path d=\"M464 64H48C21.49 64 0 85.49 0 112v288c0 26.51 21.49 48 48 48h416c26.51 0 48-21.49 48-48V112c0-26.51-21.49-48-48-48zm0 48v40.805c-22.422 18.259-58.168 46.651-134.587 106.49-16.841 13.247-50.201 45.072-73.413 44.701-23.208.375-56.579-31.459-73.413-44.701C106.18 199.465 70.425 171.067 48 152.805V112h416zM48 400V214.398c22.914 18.251 55.409 43.862 104.938 82.646 21.857 17.205 60.134 55.186 103.062 54.955 42.717.231 80.509-37.199 103.053-54.947 49.528-38.783 82.032-64.401 104.947-82.653V400H48z\"><\/path><\/svg>\t\t\t<\/div>\n\t\t<\/div>\n\t\t\t\t\t\t<\/div>\n\t\t\t\t<div class=\"elementor-element elementor-element-e9e899c elementor-widget elementor-widget-text-editor\" data-id=\"e9e899c\" data-element_type=\"widget\" data-e-type=\"widget\" data-widget_type=\"text-editor.default\">\n\t\t\t\t\t\t\t\t\t<p>torreauroramonterosso@gmail.com<\/p>\t\t\t\t\t\t\t\t<\/div>\n\t\t\t\t<\/div>\n\t\t\t\t<\/div>\n\t\t\t\t\t<\/div>\n\t\t\t\t<\/div>\n\t\t\t\t<\/div>\n\t\t","protected":false},"excerpt":{"rendered":"<p>R\u00e9server maintenant Pour r\u00e9server une table \u00e0 Torre Aurora, vous pouvez nous contacter directement.Indiquez-nous la date, l\u2019heure, le nombre de personnes et, le cas \u00e9ch\u00e9ant, toute demande particuli\u00e8re.Nous vous r\u00e9pondrons pour vous confirmer la disponibilit\u00e9. +39 366 1453702 torreauroramonterosso@gmail.com<\/p>\n","protected":false},"author":2,"featured_media":0,"parent":0,"menu_order":0,"comment_status":"closed","ping_status":"closed","template":"","meta":{"footnotes":""},"class_list":["post-1695","page","type-page","status-publish","hentry"],"aioseo_notices":[],"aioseo_head":"\n\t\t<!-- All in One SEO Pro 4.9.6.1 - aioseo.com -->\n\t<meta name=\"description\" content=\"R\u00e9servez \u00e0 Torre Aurora: horaires, t\u00e9l\u00e9phone, services du soir et informations utiles. Contacts rapides pour le d\u00e9jeuner et le d\u00eener \u00e0 Monterosso.\" \/>\n\t<meta name=\"robots\" content=\"max-image-preview:large\" \/>\n\t<link rel=\"canonical\" href=\"https:\/\/torreauroracinqueterre.it\/fr\/reserver-maintenant\/\" \/>\n\t<meta name=\"generator\" content=\"All in One SEO Pro (AIOSEO) 4.9.6.1\" \/>\n\t\t<meta property=\"og:locale\" content=\"fr_FR\" \/>\n\t\t<meta property=\"og:site_name\" content=\"Torreauroracinqueterre - Torre Aurora - Mare, Cucina &amp; Cocktails\" \/>\n\t\t<meta property=\"og:type\" content=\"article\" \/>\n\t\t<meta property=\"og:title\" content=\"R\u00e9servations Torre Aurora\" \/>\n\t\t<meta property=\"og:description\" content=\"R\u00e9servez \u00e0 Torre Aurora: horaires, t\u00e9l\u00e9phone, services du soir et informations utiles. Contacts rapides pour le d\u00e9jeuner et le d\u00eener \u00e0 Monterosso.\" \/>\n\t\t<meta property=\"og:url\" content=\"https:\/\/torreauroracinqueterre.it\/fr\/reserver-maintenant\/\" \/>\n\t\t<meta property=\"og:image\" content=\"https:\/\/torreauroracinqueterre.it\/wp-content\/uploads\/2026\/02\/cropped-cropped-LOGO-TORRE-VETTORIALE-ICONA-SITO-3.webp\" \/>\n\t\t<meta property=\"og:image:secure_url\" content=\"https:\/\/torreauroracinqueterre.it\/wp-content\/uploads\/2026\/02\/cropped-cropped-LOGO-TORRE-VETTORIALE-ICONA-SITO-3.webp\" \/>\n\t\t<meta property=\"og:image:width\" content=\"512\" \/>\n\t\t<meta property=\"og:image:height\" content=\"512\" \/>\n\t\t<meta property=\"article:published_time\" content=\"2026-03-02T08:49:04+00:00\" \/>\n\t\t<meta property=\"article:modified_time\" content=\"2026-04-01T05:44:39+00:00\" \/>\n\t\t<meta property=\"article:publisher\" content=\"https:\/\/www.facebook.com\/torreauroracinqueterre\/\" \/>\n\t\t<meta name=\"twitter:card\" content=\"summary_large_image\" \/>\n\t\t<meta name=\"twitter:title\" content=\"R\u00e9servations Torre Aurora\" \/>\n\t\t<meta name=\"twitter:description\" content=\"R\u00e9servez \u00e0 Torre Aurora: horaires, t\u00e9l\u00e9phone, services du soir et informations utiles. Contacts rapides pour le d\u00e9jeuner et le d\u00eener \u00e0 Monterosso.\" \/>\n\t\t<meta name=\"twitter:image\" content=\"https:\/\/torreauroracinqueterre.it\/wp-content\/uploads\/2026\/02\/cropped-cropped-LOGO-TORRE-VETTORIALE-ICONA-SITO-3.webp\" \/>\n\t\t<script type=\"application\/ld+json\" class=\"aioseo-schema\">\n\t\t\t{\"@context\":\"https:\\\/\\\/schema.org\",\"@graph\":[{\"@type\":\"BreadcrumbList\",\"@id\":\"https:\\\/\\\/torreauroracinqueterre.it\\\/fr\\\/reserver-maintenant\\\/#breadcrumblist\",\"itemListElement\":[{\"@type\":\"ListItem\",\"@id\":\"https:\\\/\\\/torreauroracinqueterre.it\\\/fr\\\/#listItem\",\"position\":1,\"name\":\"Home\",\"item\":\"https:\\\/\\\/torreauroracinqueterre.it\\\/fr\\\/\",\"nextItem\":{\"@type\":\"ListItem\",\"@id\":\"https:\\\/\\\/torreauroracinqueterre.it\\\/fr\\\/reserver-maintenant\\\/#listItem\",\"name\":\"R\\u00c9SERVER MAINTENANT\"}},{\"@type\":\"ListItem\",\"@id\":\"https:\\\/\\\/torreauroracinqueterre.it\\\/fr\\\/reserver-maintenant\\\/#listItem\",\"position\":2,\"name\":\"R\\u00c9SERVER MAINTENANT\",\"previousItem\":{\"@type\":\"ListItem\",\"@id\":\"https:\\\/\\\/torreauroracinqueterre.it\\\/fr\\\/#listItem\",\"name\":\"Home\"}}]},{\"@type\":\"Organization\",\"@id\":\"https:\\\/\\\/torreauroracinqueterre.it\\\/fr\\\/#organization\",\"name\":\"Torre Aurora Cinque Terre\",\"description\":\"Torre Aurora sorge a picco sul mare e divide Fegina dal Borgo Antico: una torre eretta intorno all\\u2019anno 1000, circondata da terrazze panoramiche nel cuore del Parco delle Cinque Terre. Un progetto curato nei dettagli, dall\\u2019atmosfera agli arredi: musica da vinili originali, ceramiche artigianali locali e una proposta che valorizza il territorio.\",\"url\":\"https:\\\/\\\/torreauroracinqueterre.it\\\/fr\\\/\",\"telephone\":\"+393661453702\",\"numberOfEmployees\":{\"@type\":\"QuantitativeValue\",\"value\":6},\"logo\":{\"@type\":\"ImageObject\",\"url\":\"https:\\\/\\\/torreauroracinqueterre.it\\\/wp-content\\\/uploads\\\/2026\\\/02\\\/cropped-cropped-LOGO-TORRE-VETTORIALE-ICONA-SITO-3.webp\",\"@id\":\"https:\\\/\\\/torreauroracinqueterre.it\\\/fr\\\/reserver-maintenant\\\/#organizationLogo\",\"width\":512,\"height\":512},\"image\":{\"@id\":\"https:\\\/\\\/torreauroracinqueterre.it\\\/fr\\\/reserver-maintenant\\\/#organizationLogo\"},\"sameAs\":[\"https:\\\/\\\/www.facebook.com\\\/torreauroracinqueterre\\\/\",\"https:\\\/\\\/www.instagram.com\\\/torre_aurora_cinqueterre\\\/\"]},{\"@type\":\"WebPage\",\"@id\":\"https:\\\/\\\/torreauroracinqueterre.it\\\/fr\\\/reserver-maintenant\\\/#webpage\",\"url\":\"https:\\\/\\\/torreauroracinqueterre.it\\\/fr\\\/reserver-maintenant\\\/\",\"name\":\"R\\u00e9servations Torre Aurora\",\"description\":\"R\\u00e9servez \\u00e0 Torre Aurora: horaires, t\\u00e9l\\u00e9phone, services du soir et informations utiles. Contacts rapides pour le d\\u00e9jeuner et le d\\u00eener \\u00e0 Monterosso.\",\"inLanguage\":\"fr-FR\",\"isPartOf\":{\"@id\":\"https:\\\/\\\/torreauroracinqueterre.it\\\/fr\\\/#website\"},\"breadcrumb\":{\"@id\":\"https:\\\/\\\/torreauroracinqueterre.it\\\/fr\\\/reserver-maintenant\\\/#breadcrumblist\"},\"datePublished\":\"2026-03-02T08:49:04+00:00\",\"dateModified\":\"2026-04-01T05:44:39+00:00\"},{\"@type\":\"WebSite\",\"@id\":\"https:\\\/\\\/torreauroracinqueterre.it\\\/fr\\\/#website\",\"url\":\"https:\\\/\\\/torreauroracinqueterre.it\\\/fr\\\/\",\"name\":\"Torre Aurora Cinque Terre\",\"alternateName\":\"Torre Aurora Cinque Terre\",\"description\":\"Torre Aurora - Mare, Cucina & Cocktails\",\"inLanguage\":\"fr-FR\",\"publisher\":{\"@id\":\"https:\\\/\\\/torreauroracinqueterre.it\\\/fr\\\/#organization\"}}]}\n\t\t<\/script>\n\t\t<!-- All in One SEO Pro -->\r\n\t\t<title>R\u00e9servations Torre Aurora<\/title>\n\n","aioseo_head_json":{"title":"R\u00e9servations Torre Aurora","description":"R\u00e9servez \u00e0 Torre Aurora: horaires, t\u00e9l\u00e9phone, services du soir et informations utiles. Contacts rapides pour le d\u00e9jeuner et le d\u00eener \u00e0 Monterosso.","canonical_url":"https:\/\/torreauroracinqueterre.it\/fr\/reserver-maintenant\/","robots":"max-image-preview:large","keywords":"","webmasterTools":{"miscellaneous":""},"schema":{"@context":"https:\/\/schema.org","@graph":[{"@type":"BreadcrumbList","@id":"https:\/\/torreauroracinqueterre.it\/fr\/reserver-maintenant\/#breadcrumblist","itemListElement":[{"@type":"ListItem","@id":"https:\/\/torreauroracinqueterre.it\/fr\/#listItem","position":1,"name":"Home","item":"https:\/\/torreauroracinqueterre.it\/fr\/","nextItem":{"@type":"ListItem","@id":"https:\/\/torreauroracinqueterre.it\/fr\/reserver-maintenant\/#listItem","name":"R\u00c9SERVER MAINTENANT"}},{"@type":"ListItem","@id":"https:\/\/torreauroracinqueterre.it\/fr\/reserver-maintenant\/#listItem","position":2,"name":"R\u00c9SERVER MAINTENANT","previousItem":{"@type":"ListItem","@id":"https:\/\/torreauroracinqueterre.it\/fr\/#listItem","name":"Home"}}]},{"@type":"Organization","@id":"https:\/\/torreauroracinqueterre.it\/fr\/#organization","name":"Torre Aurora Cinque Terre","description":"Torre Aurora sorge a picco sul mare e divide Fegina dal Borgo Antico: una torre eretta intorno all\u2019anno 1000, circondata da terrazze panoramiche nel cuore del Parco delle Cinque Terre. Un progetto curato nei dettagli, dall\u2019atmosfera agli arredi: musica da vinili originali, ceramiche artigianali locali e una proposta che valorizza il territorio.","url":"https:\/\/torreauroracinqueterre.it\/fr\/","telephone":"+393661453702","numberOfEmployees":{"@type":"QuantitativeValue","value":6},"logo":{"@type":"ImageObject","url":"https:\/\/torreauroracinqueterre.it\/wp-content\/uploads\/2026\/02\/cropped-cropped-LOGO-TORRE-VETTORIALE-ICONA-SITO-3.webp","@id":"https:\/\/torreauroracinqueterre.it\/fr\/reserver-maintenant\/#organizationLogo","width":512,"height":512},"image":{"@id":"https:\/\/torreauroracinqueterre.it\/fr\/reserver-maintenant\/#organizationLogo"},"sameAs":["https:\/\/www.facebook.com\/torreauroracinqueterre\/","https:\/\/www.instagram.com\/torre_aurora_cinqueterre\/"]},{"@type":"WebPage","@id":"https:\/\/torreauroracinqueterre.it\/fr\/reserver-maintenant\/#webpage","url":"https:\/\/torreauroracinqueterre.it\/fr\/reserver-maintenant\/","name":"R\u00e9servations Torre Aurora","description":"R\u00e9servez \u00e0 Torre Aurora: horaires, t\u00e9l\u00e9phone, services du soir et informations utiles. Contacts rapides pour le d\u00e9jeuner et le d\u00eener \u00e0 Monterosso.","inLanguage":"fr-FR","isPartOf":{"@id":"https:\/\/torreauroracinqueterre.it\/fr\/#website"},"breadcrumb":{"@id":"https:\/\/torreauroracinqueterre.it\/fr\/reserver-maintenant\/#breadcrumblist"},"datePublished":"2026-03-02T08:49:04+00:00","dateModified":"2026-04-01T05:44:39+00:00"},{"@type":"WebSite","@id":"https:\/\/torreauroracinqueterre.it\/fr\/#website","url":"https:\/\/torreauroracinqueterre.it\/fr\/","name":"Torre Aurora Cinque Terre","alternateName":"Torre Aurora Cinque Terre","description":"Torre Aurora - Mare, Cucina & Cocktails","inLanguage":"fr-FR","publisher":{"@id":"https:\/\/torreauroracinqueterre.it\/fr\/#organization"}}]},"og:locale":"fr_FR","og:site_name":"Torreauroracinqueterre - Torre Aurora - Mare, Cucina &amp; Cocktails","og:type":"article","og:title":"R\u00e9servations Torre Aurora","og:description":"R\u00e9servez \u00e0 Torre Aurora: horaires, t\u00e9l\u00e9phone, services du soir et informations utiles. Contacts rapides pour le d\u00e9jeuner et le d\u00eener \u00e0 Monterosso.","og:url":"https:\/\/torreauroracinqueterre.it\/fr\/reserver-maintenant\/","og:image":"https:\/\/torreauroracinqueterre.it\/wp-content\/uploads\/2026\/02\/cropped-cropped-LOGO-TORRE-VETTORIALE-ICONA-SITO-3.webp","og:image:secure_url":"https:\/\/torreauroracinqueterre.it\/wp-content\/uploads\/2026\/02\/cropped-cropped-LOGO-TORRE-VETTORIALE-ICONA-SITO-3.webp","og:image:width":512,"og:image:height":512,"article:published_time":"2026-03-02T08:49:04+00:00","article:modified_time":"2026-04-01T05:44:39+00:00","article:publisher":"https:\/\/www.facebook.com\/torreauroracinqueterre\/","twitter:card":"summary_large_image","twitter:title":"R\u00e9servations Torre Aurora","twitter:description":"R\u00e9servez \u00e0 Torre Aurora: horaires, t\u00e9l\u00e9phone, services du soir et informations utiles. Contacts rapides pour le d\u00e9jeuner et le d\u00eener \u00e0 Monterosso.","twitter:image":"https:\/\/torreauroracinqueterre.it\/wp-content\/uploads\/2026\/02\/cropped-cropped-LOGO-TORRE-VETTORIALE-ICONA-SITO-3.webp"},"aioseo_meta_data":{"post_id":"1695","title":"R\u00e9servations Torre Aurora","description":"R\u00e9servez \u00e0 Torre Aurora: horaires, t\u00e9l\u00e9phone, services du soir et informations utiles. Contacts rapides pour le d\u00e9jeuner et le d\u00eener \u00e0 Monterosso. ","keywords":null,"keyphrases":{"focus":{"keyphrase":"Prenota","score":64,"analysis":{"keyphraseInTitle":{"score":3,"maxScore":9,"error":1},"keyphraseInDescription":{"score":9,"maxScore":9,"error":0},"keyphraseLength":{"score":9,"maxScore":9,"error":0,"length":1},"keyphraseInURL":{"score":5,"maxScore":5,"error":0},"keyphraseInIntroduction":{"score":3,"maxScore":9,"error":1},"keyphraseInSubHeadings":{"score":9,"maxScore":9,"error":0},"keyphraseInImageAlt":[],"keywordDensity":{"type":"high","score":0,"maxScore":9,"error":1}}},"additional":[{"keyphrase":"Torre Aurora","score":75,"analysis":{"keyphraseInDescription":{"score":9,"maxScore":9,"error":0},"keyphraseLength":{"score":9,"maxScore":9,"error":0,"length":2},"keyphraseInIntroduction":{"score":9,"maxScore":9,"error":0},"keyphraseInImageAlt":[],"keywordDensity":{"type":"high","score":0,"maxScore":9,"error":1}}},{"keyphrase":"Prenota","score":58,"analysis":{"keyphraseInDescription":{"score":9,"maxScore":9,"error":0},"keyphraseLength":{"score":9,"maxScore":9,"error":0,"length":1},"keyphraseInIntroduction":{"score":3,"maxScore":9,"error":1},"keyphraseInImageAlt":[],"keywordDensity":{"type":"high","score":0,"maxScore":9,"error":1}}},{"keyphrase":"Contatti","score":58,"analysis":{"keyphraseInDescription":{"score":9,"maxScore":9,"error":0},"keyphraseLength":{"score":9,"maxScore":9,"error":0,"length":1},"keyphraseInIntroduction":{"score":3,"maxScore":9,"error":1},"keyphraseInImageAlt":[],"keywordDensity":{"score":0,"type":"low","maxScore":9,"error":1}}},{"keyphrase":"Orari","score":58,"analysis":{"keyphraseInDescription":{"score":9,"maxScore":9,"error":0},"keyphraseLength":{"score":9,"maxScore":9,"error":0,"length":1},"keyphraseInIntroduction":{"score":3,"maxScore":9,"error":1},"keyphraseInImageAlt":[],"keywordDensity":{"type":"high","score":0,"maxScore":9,"error":1}}}]},"primary_term":null,"canonical_url":null,"og_title":null,"og_description":null,"og_object_type":"default","og_image_type":"default","og_image_url":null,"og_image_width":null,"og_image_height":null,"og_image_custom_url":null,"og_image_custom_fields":null,"og_video":"","og_custom_url":null,"og_article_section":null,"og_article_tags":null,"twitter_use_og":false,"twitter_card":"default","twitter_image_type":"default","twitter_image_url":null,"twitter_image_custom_url":null,"twitter_image_custom_fields":null,"twitter_title":null,"twitter_description":null,"schema":{"blockGraphs":[],"customGraphs":[],"default":{"data":{"Article":[],"Course":[],"Dataset":[],"FAQPage":[],"Movie":[],"Person":[],"Product":[],"ProductReview":[],"Car":[],"Recipe":[],"Service":[],"SoftwareApplication":[],"WebPage":[]},"graphName":"WebPage","isEnabled":true},"graphs":[]},"schema_type":"default","schema_type_options":null,"pillar_content":false,"robots_default":true,"robots_noindex":false,"robots_noarchive":false,"robots_nosnippet":false,"robots_nofollow":false,"robots_noimageindex":false,"robots_noodp":false,"robots_notranslate":false,"robots_max_snippet":"-1","robots_max_videopreview":"-1","robots_max_imagepreview":"large","priority":null,"frequency":"default","local_seo":null,"seo_analyzer_scan_date":"2026-03-31 14:17:40","breadcrumb_settings":null,"limit_modified_date":false,"reviewed_by":"0","open_ai":null,"ai":{"faqs":[],"keyPoints":[],"titles":[],"descriptions":[],"socialPosts":{"email":[],"linkedin":[],"twitter":[],"facebook":[],"instagram":[]}},"created":"2026-03-25 13:17:00","updated":"2026-04-01 06:04:35"},"aioseo_breadcrumb":"<div class=\"aioseo-breadcrumbs\"><span class=\"aioseo-breadcrumb\">\n\t<a href=\"https:\/\/torreauroracinqueterre.it\/fr\/\" title=\"Home\">Home<\/a>\n<\/span><span class=\"aioseo-breadcrumb-separator\">&raquo;<\/span><span class=\"aioseo-breadcrumb\">\n\tR\u00c9SERVER MAINTENANT\n<\/span><\/div>","aioseo_breadcrumb_json":[{"label":"Home","link":"https:\/\/torreauroracinqueterre.it\/fr\/"},{"label":"R\u00c9SERVER MAINTENANT","link":"https:\/\/torreauroracinqueterre.it\/fr\/reserver-maintenant\/"}],"_links":{"self":[{"href":"https:\/\/torreauroracinqueterre.it\/fr\/wp-json\/wp\/v2\/pages\/1695","targetHints":{"allow":["GET"]}}],"collection":[{"href":"https:\/\/torreauroracinqueterre.it\/fr\/wp-json\/wp\/v2\/pages"}],"about":[{"href":"https:\/\/torreauroracinqueterre.it\/fr\/wp-json\/wp\/v2\/types\/page"}],"author":[{"embeddable":true,"href":"https:\/\/torreauroracinqueterre.it\/fr\/wp-json\/wp\/v2\/users\/2"}],"replies":[{"embeddable":true,"href":"https:\/\/torreauroracinqueterre.it\/fr\/wp-json\/wp\/v2\/comments?post=1695"}],"version-history":[{"count":8,"href":"https:\/\/torreauroracinqueterre.it\/fr\/wp-json\/wp\/v2\/pages\/1695\/revisions"}],"predecessor-version":[{"id":1975,"href":"https:\/\/torreauroracinqueterre.it\/fr\/wp-json\/wp\/v2\/pages\/1695\/revisions\/1975"}],"wp:attachment":[{"href":"https:\/\/torreauroracinqueterre.it\/fr\/wp-json\/wp\/v2\/media?parent=1695"}],"curies":[{"name":"wp","href":"https:\/\/api.w.org\/{rel}","templated":true}]}}